{"id":3384,"date":"2018-05-22T10:58:42","date_gmt":"2018-05-22T09:58:42","guid":{"rendered":"http:\/\/www.woidwuzzler.at\/?page_id=3384"},"modified":"2022-11-01T08:20:16","modified_gmt":"2022-11-01T07:20:16","slug":"datenschutzerklaerung","status":"publish","type":"page","link":"https:\/\/www.woidwuzzler.at\/?page_id=3384","title":{"rendered":"Datenschutzerkl\u00e4rung"},"content":{"rendered":"<p><strong>Grundlegendes<\/strong><\/p>\n<p>Diese Datenschutzerkl\u00e4rung soll die Nutzer von www.woidwuzzler.at \u00fcber die Art, den Umfang und den Zweck der Erhebung und Verwendung personenbezogener Daten durch den Website-Betreiber (siehe <a href=\"https:\/\/www.woidwuzzler.at\/?page_id=3399\">Impressum<\/a>) informieren. Der Betreiber nimmt Ihren Datenschutz sehr ernst und behandelt Ihre personenbezogenen Daten streng vertraulich und entsprechend der gesetzlichen Vorschriften.<\/p>\n<p><strong>Server-Logfiles<\/strong><\/p>\n<p>Der von uns beauftragte Provider dieser Website erhebt und speichert automatisch Informationen in sogenannten Server-Logfiles, die ihr Browser an uns \u00fcbermittelt. Die Server-Logfiles werden f\u00fcr maximal 7 Tage gespeichert und anschlie\u00dfend gel\u00f6scht. Grundlage f\u00fcr die Datenverarbeitung ist Art. 6 Abs. 1 lit. f DSGVO.<\/p>\n<p><strong>Cookies<\/strong><\/p>\n<p>Diese Website verwendet Cookies, kleine Textdateien, um unser Angebot nutzerfreundlich zu gestalten und Funktionalit\u00e4ten zu erm\u00f6glichen. Wenn Sie dies nicht w\u00fcnschen, so k\u00f6nnen Sie Ihren Browser so einrichten, dass er Sie \u00fcber das Setzen von Cookies informiert und Sie dies nur im Einzelfall erlauben.<\/p>\n<p><strong>Umgang mit Kontaktdaten und Kommentaren<br \/>\n<\/strong><\/p>\n<p>Wenn Sie mit uns via E-Mail oder \u00fcber ein Kontaktformular in Verbindung treten, werden Ihre Angaben inklusive der von Ihnen dort angegebenen Kontaktdaten zwecks Bearbeitung gespeichert. Diese Daten geben wir nicht ohne Ihre Einwilligung weiter.<\/p>\n<p>F\u00fcr die Kommentarfunktion auf dieser Website werden neben Ihrem Kommentar auch Angaben zum Zeitpunkt der Erstellung des Kommentars, Ihre E-Mail-Adresse und, wenn Sie nicht anonym posten, der von Ihnen gew\u00e4hlte Nutzername gespeichert.<\/p>\n<p><strong>Rechte des Nutzers<\/strong><\/p>\n<p>Sie haben als Nutzer das Recht, auf Antrag eine kostenlose Auskunft dar\u00fcber zu erhalten, welche personenbezogenen Daten \u00fcber Sie gespeichert wurden. Sie haben au\u00dferdem das Recht auf Berichtigung falscher Daten und auf die Verarbeitungseinschr\u00e4nkung oder L\u00f6schung Ihrer personenbezogenen Daten. Falls zutreffend, k\u00f6nnen Sie auch Ihr Recht auf Datenportabilit\u00e4t geltend machen. Sollten Sie annehmen, dass ihre Daten unrechtm\u00e4\u00dfig verarbeitet wurden, k\u00f6nnen Sie eine Beschwerde bei der zust\u00e4ndigen Ausichtsbeh\u00f6rde einreichen.<\/p>\n<p><strong>L\u00f6schung von Daten<\/strong><\/p>\n<p>Sofern Ihr Wunsch nicht mit einer gesetzlichen Pflicht zur Aufbewahrung von Daten (z. B. Vorratsdatenspeicherung) kollidiert, haben Sie ein Anrecht auf L\u00f6schung Ihrer Daten. Von uns gespeicherte Daten werden, sollten sie f\u00fcr ihre Zweckbestimmung nicht mehr vonn\u00f6ten sein und es keine gesetzlichen Aufbewahrungsfristen geben, gel\u00f6scht. Falls eine L\u00f6schung nicht durchgef\u00fchrt werden kann, da die Daten f\u00fcr zul\u00e4ssige gesetzliche Zwecke erforderlich sind, erfolgt eine Einschr\u00e4nkung der Datenverarbeitung. In diesem Fall werden die Daten gesperrt und nicht f\u00fcr andere Zwecke verarbeitet.<\/p>\n<p><strong>Widerspruchsrecht<\/strong><\/p>\n<p>Nutzer dieser Website k\u00f6nnen von ihrem Widerspruchsrecht Gebrauch machen und der Verarbeitung ihrer personenbezogenen Daten zu jeder Zeit widersprechen.<\/p>\n<p>Wenn Sie eine Berichtigung, Sperrung, L\u00f6schung oder Auskunft \u00fcber die zu Ihrer Person gespeicherten personenbezogenen Daten w\u00fcnschen oder Fragen bzgl. der Erhebung, Verarbeitung oder Verwendung Ihrer personenbezogenen Daten haben oder erteilte Einwilligungen widerrufen m\u00f6chten, wenden Sie sich bitte an uns.<\/p>\n<p>Letzte Aktualisierung: 1. November 2022<\/p>\n","protected":false},"excerpt":{"rendered":"<p>Grundlegendes Diese Datenschutzerkl\u00e4rung soll die Nutzer von www.woidwuzzler.at \u00fcber die Art, den Umfang und den Zweck der Erhebung und Verwendung &#8230; <\/p>\n<p class=\"read-more-container\"><a title=\"Datenschutzerkl\u00e4rung\" class=\"read-more button\" href=\"https:\/\/www.woidwuzzler.at\/?page_id=3384#more-3384\" aria-label=\"Mehr Informationen \u00fcber Datenschutzerkl\u00e4rung\">Weiter<\/a><\/p>\n","protected":false},"author":3,"featured_media":0,"parent":0,"menu_order":7,"comment_status":"closed","ping_status":"closed","template":"","meta":{"footnotes":""},"class_list":["post-3384","page","type-page","status-publish"],"_links":{"self":[{"href":"https:\/\/www.woidwuzzler.at\/index.php?rest_route=\/wp\/v2\/pages\/3384","targetHints":{"allow":["GET"]}}],"collection":[{"href":"https:\/\/www.woidwuzzler.at\/index.php?rest_route=\/wp\/v2\/pages"}],"about":[{"href":"https:\/\/www.woidwuzzler.at\/index.php?rest_route=\/wp\/v2\/types\/page"}],"author":[{"embeddable":true,"href":"https:\/\/www.woidwuzzler.at\/index.php?rest_route=\/wp\/v2\/users\/3"}],"replies":[{"embeddable":true,"href":"https:\/\/www.woidwuzzler.at\/index.php?rest_route=%2Fwp%2Fv2%2Fcomments&post=3384"}],"version-history":[{"count":1,"href":"https:\/\/www.woidwuzzler.at\/index.php?rest_route=\/wp\/v2\/pages\/3384\/revisions"}],"predecessor-version":[{"id":4137,"href":"https:\/\/www.woidwuzzler.at\/index.php?rest_route=\/wp\/v2\/pages\/3384\/revisions\/4137"}],"wp:attachment":[{"href":"https:\/\/www.woidwuzzler.at\/index.php?rest_route=%2Fwp%2Fv2%2Fmedia&parent=3384"}],"curies":[{"name":"wp","href":"https:\/\/api.w.org\/{rel}","templated":true}]}}